{"id":497,"date":"2017-06-28T07:16:03","date_gmt":"2017-06-28T07:16:03","guid":{"rendered":"http:\/\/wordpresstheme.net\/dump\/?page_id=497"},"modified":"2019-02-25T12:28:41","modified_gmt":"2019-02-25T12:28:41","slug":"sobre","status":"publish","type":"page","link":"https:\/\/bernardesfilho.adv.br\/site\/sobre\/","title":{"rendered":"Sobre"},"content":{"rendered":"<p>[vc_row full_width=&#8221;stretch_row&#8221; css=&#8221;.vc_custom_1498634670376{margin-top: 0px !important;margin-bottom: 0px !important;padding-top: 70px !important;padding-bottom: 30px !important;background-color: #ffffff !important;}&#8221;][vc_column width=&#8221;2\/3&#8243; css=&#8221;.vc_custom_1498634650611{margin-top: 0px !important;margin-bottom: 40px !important;padding-top: 0px !important;padding-bottom: 0px !important;}&#8221;][vc_custom_heading text=&#8221;Bernardes Filhos Advogados&#8221; font_container=&#8221;tag:h1|text_align:left&#8221; use_theme_fonts=&#8221;yes&#8221; css=&#8221;.vc_custom_1550163953179{margin-top: 0px !important;margin-bottom: 30px !important;}&#8221;][vc_separator color=&#8221;custom&#8221; align=&#8221;align_left&#8221; border_width=&#8221;8&#8243; accent_color=&#8221;#023958&#8243; css=&#8221;.vc_custom_1550164295712{margin-top: 0px !important;margin-bottom: 30px !important;}&#8221;][vc_column_text css=&#8221;.vc_custom_1551097444664{margin-top: 0px !important;margin-bottom: 30px !important;}&#8221; el_class=&#8221;home-welcome-text&#8221;]<\/p>\n<p style=\"text-align: justify;\"><span style=\"font-weight: 400;\">A Bernardes Filhos Advogados \u00e9 um escrit\u00f3rio de Advocacia voltado para as \u00e1reas do Direito Empresarial, Civil e Previdenci\u00e1rio. Pautado pelos atributos da Confian\u00e7a e Excel\u00eancia, oferecemos servi\u00e7os personalizados para atender de maneira efetiva a necessidade de nossos clientes. <\/span><\/p>\n<p style=\"text-align: justify;\"><span style=\"font-weight: 400;\">Zelamos pela proximidade, disponibilidade e bom atendimento, fortalecendo o relacionamento com praticidade, solucionando demandas e investindo em inova\u00e7\u00e3o na \u00e1rea jur\u00eddica. Nosso objetivo \u00e9 crescer junto com nossos clientes.<\/span><\/p>\n<p>[\/vc_column_text][\/vc_column][vc_column width=&#8221;1\/3&#8243; css=&#8221;.vc_custom_1498634658250{margin-top: 0px !important;margin-bottom: 40px !important;padding-top: 0px !important;padding-bottom: 0px !important;}&#8221;][vc_row_inner css=&#8221;.vc_custom_1550164261546{margin-top: 0px !important;margin-right: 0px !important;margin-bottom: 30px !important;margin-left: 0px !important;padding-top: 25px !important;padding-right: 30px !important;padding-bottom: 30px !important;padding-left: 30px !important;}&#8221;][vc_column_inner css=&#8221;.vc_custom_1498638825356{padding-top: 0px !important;padding-right: 0px !important;padding-bottom: 0px !important;padding-left: 0px !important;}&#8221;][vc_single_image image=&#8221;1491&#8243; img_size=&#8221;full&#8221;][\/vc_column_inner][\/vc_row_inner][\/vc_column][\/vc_row]<\/p>\n","protected":false},"excerpt":{"rendered":"<p>[vc_row full_width=&#8221;stretch_row&#8221; css=&#8221;.vc_custom_1498634670376{margin-top: 0px !important;margin-bottom: 0px !important;padding-top: 70px !important;padding-bottom: 30px !important;background-color: #ffffff !important;}&#8221;][vc_column width=&#8221;2\/3&#8243; css=&#8221;.vc_custom_1498634650611{margin-top: 0px !important;margin-bottom: 40px !important;padding-top: 0px !important;padding-bottom: 0px !important;}&#8221;][vc_custom_heading text=&#8221;Bernardes Filhos Advogados&#8221; font_container=&#8221;tag:h1|text_align:left&#8221; use_theme_fonts=&#8221;yes&#8221; css=&#8221;.vc_custom_1550163953179{margin-top: 0px !important;margin-bottom: 30px !important;}&#8221;][vc_separator color=&#8221;custom&#8221; align=&#8221;align_left&#8221; border_width=&#8221;8&#8243; accent_color=&#8221;#023958&#8243; css=&#8221;.vc_custom_1550164295712{margin-top: 0px !important;margin-bottom: 30px !important;}&#8221;][vc_column_text css=&#8221;.vc_custom_1551097444664{margin-top: 0px !important;margin-bottom: 30px !important;}&#8221; el_class=&#8221;home-welcome-text&#8221;] A Bernardes Filhos Advogados \u00e9 um escrit\u00f3rio [&hellip;]<\/p>\n","protected":false},"author":1,"featured_media":1350,"parent":0,"menu_order":0,"comment_status":"closed","ping_status":"closed","template":"","meta":{"footnotes":""},"class_list":["post-497","page","type-page","status-publish","has-post-thumbnail","hentry"],"_links":{"self":[{"href":"https:\/\/bernardesfilho.adv.br\/site\/wp-json\/wp\/v2\/pages\/497","targetHints":{"allow":["GET"]}}],"collection":[{"href":"https:\/\/bernardesfilho.adv.br\/site\/wp-json\/wp\/v2\/pages"}],"about":[{"href":"https:\/\/bernardesfilho.adv.br\/site\/wp-json\/wp\/v2\/types\/page"}],"author":[{"embeddable":true,"href":"https:\/\/bernardesfilho.adv.br\/site\/wp-json\/wp\/v2\/users\/1"}],"replies":[{"embeddable":true,"href":"https:\/\/bernardesfilho.adv.br\/site\/wp-json\/wp\/v2\/comments?post=497"}],"version-history":[{"count":12,"href":"https:\/\/bernardesfilho.adv.br\/site\/wp-json\/wp\/v2\/pages\/497\/revisions"}],"predecessor-version":[{"id":1492,"href":"https:\/\/bernardesfilho.adv.br\/site\/wp-json\/wp\/v2\/pages\/497\/revisions\/1492"}],"wp:featuredmedia":[{"embeddable":true,"href":"https:\/\/bernardesfilho.adv.br\/site\/wp-json\/wp\/v2\/media\/1350"}],"wp:attachment":[{"href":"https:\/\/bernardesfilho.adv.br\/site\/wp-json\/wp\/v2\/media?parent=497"}],"curies":[{"name":"wp","href":"https:\/\/api.w.org\/{rel}","templated":true}]}}